{"id":145,"date":"2019-06-25T16:46:21","date_gmt":"2019-06-25T19:46:21","guid":{"rendered":"http:\/\/localhost\/github\/mgnatacao.com.br\/?page_id=145"},"modified":"2026-03-30T17:22:50","modified_gmt":"2026-03-30T20:22:50","slug":"home","status":"publish","type":"page","link":"https:\/\/mgnatacao.com.br\/","title":{"rendered":"home"},"content":{"rendered":"","protected":false},"excerpt":{"rendered":"","protected":false},"author":1,"featured_media":0,"parent":0,"menu_order":0,"comment_status":"closed","ping_status":"closed","template":"front-page.php","meta":{"_acf_changed":false,"footnotes":""},"class_list":["post-145","page","type-page","status-publish","hentry"],"acf":[],"yoast_head":"<!-- This site is optimized with the Yoast SEO plugin v27.2 - https:\/\/yoast.com\/product\/yoast-seo-wordpress\/ -->\n<title>home - MG Acquatic Fitness<\/title>\n<meta name=\"robots\" content=\"index, follow, max-snippet:-1, max-image-preview:large, max-video-preview:-1\" \/>\n<link rel=\"canonical\" href=\"https:\/\/mgnatacao.com.br\/\" \/>\n<meta property=\"og:locale\" content=\"pt_BR\" \/>\n<meta property=\"og:type\" content=\"article\" \/>\n<meta property=\"og:title\" content=\"home - MG Acquatic Fitness\" \/>\n<meta property=\"og:url\" content=\"https:\/\/mgnatacao.com.br\/\" \/>\n<meta property=\"og:site_name\" content=\"MG Acquatic Fitness\" \/>\n<meta property=\"article:modified_time\" content=\"2026-03-30T20:22:50+00:00\" \/>\n<meta name=\"twitter:card\" content=\"summary_large_image\" \/>\n<script type=\"application\/ld+json\" class=\"yoast-schema-graph\">{\"@context\":\"https:\/\/schema.org\",\"@graph\":[{\"@type\":\"WebPage\",\"@id\":\"https:\/\/mgnatacao.com.br\/\",\"url\":\"https:\/\/mgnatacao.com.br\/\",\"name\":\"home - MG Acquatic Fitness\",\"isPartOf\":{\"@id\":\"https:\/\/mgnatacao.com.br\/#website\"},\"datePublished\":\"2019-06-25T19:46:21+00:00\",\"dateModified\":\"2026-03-30T20:22:50+00:00\",\"breadcrumb\":{\"@id\":\"https:\/\/mgnatacao.com.br\/#breadcrumb\"},\"inLanguage\":\"pt-BR\",\"potentialAction\":[{\"@type\":\"ReadAction\",\"target\":[\"https:\/\/mgnatacao.com.br\/\"]}]},{\"@type\":\"BreadcrumbList\",\"@id\":\"https:\/\/mgnatacao.com.br\/#breadcrumb\",\"itemListElement\":[{\"@type\":\"ListItem\",\"position\":1,\"name\":\"In\u00edcio\",\"item\":\"https:\/\/mgnatacao.com.br\/\"},{\"@type\":\"ListItem\",\"position\":2,\"name\":\"home\"}]},{\"@type\":\"WebSite\",\"@id\":\"https:\/\/mgnatacao.com.br\/#website\",\"url\":\"https:\/\/mgnatacao.com.br\/\",\"name\":\"MG Acquatic Fitness\",\"description\":\"N\u00f3s sabemos que voc\u00ea entende a diferen\u00e7a que faz ter experi\u00eancia. Nada contra os mais novos, mas a idade traz conhecimento e qualidade. \u00c9 por isso, que nos orgulhamos dos nossos 30 anos de mercado, e convidamos voc\u00ea a aproveitar nossos m\u00e9todos e estrutura f\u00edsica, para viver melhor com a nata\u00e7\u00e3o. Venha nos conhecer.\",\"potentialAction\":[{\"@type\":\"SearchAction\",\"target\":{\"@type\":\"EntryPoint\",\"urlTemplate\":\"https:\/\/mgnatacao.com.br\/?s={search_term_string}\"},\"query-input\":{\"@type\":\"PropertyValueSpecification\",\"valueRequired\":true,\"valueName\":\"search_term_string\"}}],\"inLanguage\":\"pt-BR\"}]}<\/script>\n<!-- \/ Yoast SEO plugin. -->","yoast_head_json":{"title":"home - MG Acquatic Fitness","robots":{"index":"index","follow":"follow","max-snippet":"max-snippet:-1","max-image-preview":"max-image-preview:large","max-video-preview":"max-video-preview:-1"},"canonical":"https:\/\/mgnatacao.com.br\/","og_locale":"pt_BR","og_type":"article","og_title":"home - MG Acquatic Fitness","og_url":"https:\/\/mgnatacao.com.br\/","og_site_name":"MG Acquatic Fitness","article_modified_time":"2026-03-30T20:22:50+00:00","twitter_card":"summary_large_image","schema":{"@context":"https:\/\/schema.org","@graph":[{"@type":"WebPage","@id":"https:\/\/mgnatacao.com.br\/","url":"https:\/\/mgnatacao.com.br\/","name":"home - MG Acquatic Fitness","isPartOf":{"@id":"https:\/\/mgnatacao.com.br\/#website"},"datePublished":"2019-06-25T19:46:21+00:00","dateModified":"2026-03-30T20:22:50+00:00","breadcrumb":{"@id":"https:\/\/mgnatacao.com.br\/#breadcrumb"},"inLanguage":"pt-BR","potentialAction":[{"@type":"ReadAction","target":["https:\/\/mgnatacao.com.br\/"]}]},{"@type":"BreadcrumbList","@id":"https:\/\/mgnatacao.com.br\/#breadcrumb","itemListElement":[{"@type":"ListItem","position":1,"name":"In\u00edcio","item":"https:\/\/mgnatacao.com.br\/"},{"@type":"ListItem","position":2,"name":"home"}]},{"@type":"WebSite","@id":"https:\/\/mgnatacao.com.br\/#website","url":"https:\/\/mgnatacao.com.br\/","name":"MG Acquatic Fitness","description":"N\u00f3s sabemos que voc\u00ea entende a diferen\u00e7a que faz ter experi\u00eancia. Nada contra os mais novos, mas a idade traz conhecimento e qualidade. \u00c9 por isso, que nos orgulhamos dos nossos 30 anos de mercado, e convidamos voc\u00ea a aproveitar nossos m\u00e9todos e estrutura f\u00edsica, para viver melhor com a nata\u00e7\u00e3o. Venha nos conhecer.","potentialAction":[{"@type":"SearchAction","target":{"@type":"EntryPoint","urlTemplate":"https:\/\/mgnatacao.com.br\/?s={search_term_string}"},"query-input":{"@type":"PropertyValueSpecification","valueRequired":true,"valueName":"search_term_string"}}],"inLanguage":"pt-BR"}]}},"_links":{"self":[{"href":"https:\/\/mgnatacao.com.br\/index.php?rest_route=\/wp\/v2\/pages\/145","targetHints":{"allow":["GET"]}}],"collection":[{"href":"https:\/\/mgnatacao.com.br\/index.php?rest_route=\/wp\/v2\/pages"}],"about":[{"href":"https:\/\/mgnatacao.com.br\/index.php?rest_route=\/wp\/v2\/types\/page"}],"author":[{"embeddable":true,"href":"https:\/\/mgnatacao.com.br\/index.php?rest_route=\/wp\/v2\/users\/1"}],"replies":[{"embeddable":true,"href":"https:\/\/mgnatacao.com.br\/index.php?rest_route=%2Fwp%2Fv2%2Fcomments&post=145"}],"version-history":[{"count":8,"href":"https:\/\/mgnatacao.com.br\/index.php?rest_route=\/wp\/v2\/pages\/145\/revisions"}],"predecessor-version":[{"id":365,"href":"https:\/\/mgnatacao.com.br\/index.php?rest_route=\/wp\/v2\/pages\/145\/revisions\/365"}],"wp:attachment":[{"href":"https:\/\/mgnatacao.com.br\/index.php?rest_route=%2Fwp%2Fv2%2Fmedia&parent=145"}],"curies":[{"name":"wp","href":"https:\/\/api.w.org\/{rel}","templated":true}]}}